{"id":12,"date":"2019-08-14T13:51:00","date_gmt":"2019-08-14T13:51:00","guid":{"rendered":"https:\/\/kusek.no\/?page_id=12"},"modified":"2025-02-11T11:43:41","modified_gmt":"2025-02-11T11:43:41","slug":"ledige-stillinger","status":"publish","type":"page","link":"https:\/\/kusek.no\/se_sme\/ledige-stillinger\/","title":{"rendered":"Ledige stillinger"},"content":{"rendered":"<div data-elementor-type=\"wp-post\" data-elementor-id=\"12\" class=\"elementor elementor-12\" data-elementor-post-type=\"page\">\n\t\t\t\t<div class=\"elementor-element elementor-element-10ad1d1 e-flex e-con-boxed e-con e-parent\" data-id=\"10ad1d1\" data-element_type=\"container\" data-e-type=\"container\">\n\t\t\t\t\t<div class=\"e-con-inner\">\n\t\t<div class=\"elementor-element elementor-element-ed46a6e e-con-full e-flex e-con e-child\" data-id=\"ed46a6e\" data-element_type=\"container\" data-e-type=\"container\" data-settings=\"{&quot;background_background&quot;:&quot;classic&quot;}\">\n\t\t\t\t<div class=\"elementor-element elementor-element-9a0a20c elementor-widget elementor-widget-heading\" data-id=\"9a0a20c\" data-element_type=\"widget\" data-e-type=\"widget\" data-widget_type=\"heading.default\">\n\t\t\t\t<div class=\"elementor-widget-container\">\n\t\t\t\t\t<h1 class=\"elementor-heading-title elementor-size-default\">Ledige stillinger<\/h1>\t\t\t\t<\/div>\n\t\t\t\t<\/div>\n\t\t\t\t<\/div>\n\t\t<div class=\"elementor-element elementor-element-9627fbc e-con-full e-flex e-con e-child\" data-id=\"9627fbc\" data-element_type=\"container\" data-e-type=\"container\" data-settings=\"{&quot;background_background&quot;:&quot;classic&quot;}\">\n\t\t\t\t<div class=\"elementor-element elementor-element-2aeb0e4 elementor-widget elementor-widget-text-editor\" data-id=\"2aeb0e4\" data-element_type=\"widget\" data-e-type=\"widget\" data-widget_type=\"text-editor.default\">\n\t\t\t\t<div class=\"elementor-widget-container\">\n\t\t\t\t\t\t\t\t\t<p>Det er for tiden ingen ledige stillinger<\/p>\t\t\t\t\t\t\t\t<\/div>\n\t\t\t\t<\/div>\n\t\t\t\t<\/div>\n\t\t\t\t\t<\/div>\n\t\t\t\t<\/div>\n\t\t<div class=\"elementor-element elementor-element-8864e4b e-flex e-con-boxed e-con e-parent\" data-id=\"8864e4b\" data-element_type=\"container\" data-e-type=\"container\">\n\t\t\t\t\t<div class=\"e-con-inner\">\n\t\t<div class=\"elementor-element elementor-element-3955a5e e-con-full e-flex e-con e-child\" data-id=\"3955a5e\" data-element_type=\"container\" data-e-type=\"container\" data-settings=\"{&quot;background_background&quot;:&quot;classic&quot;}\">\n\t\t\t\t<div class=\"elementor-element elementor-element-9f79c45 elementor-widget elementor-widget-heading\" data-id=\"9f79c45\" data-element_type=\"widget\" data-e-type=\"widget\" data-widget_type=\"heading.default\">\n\t\t\t\t<div class=\"elementor-widget-container\">\n\t\t\t\t\t<h1 class=\"elementor-heading-title elementor-size-default\">Send s\u00f8knad<\/h1>\t\t\t\t<\/div>\n\t\t\t\t<\/div>\n\t\t\t\t<\/div>\n\t\t<div class=\"elementor-element elementor-element-3485e32 e-con-full e-flex e-con e-child\" data-id=\"3485e32\" data-element_type=\"container\" data-e-type=\"container\" data-settings=\"{&quot;background_background&quot;:&quot;classic&quot;}\">\n\t\t\t\t<div class=\"elementor-element elementor-element-9e84e06 elementor-widget elementor-widget-text-editor\" data-id=\"9e84e06\" data-element_type=\"widget\" data-e-type=\"widget\" data-widget_type=\"text-editor.default\">\n\t\t\t\t<div class=\"elementor-widget-container\">\n\t\t\t\t\t\t\t\t\t<p>S\u00f8knad, CV og vedlegg sendes p\u00e5 e-post til <a href=\"mailto:post@kusek.no\">post@kusek.no<\/a> og merkes administrasjonskonsulent. Vi ber om at vitnem\u00e5l\/karakterutskrifter og relevante attester lastes opp som vedlegg til s\u00f8knaden.<\/p><p>I henhold til offentlighetsloven kan opplysninger om s\u00f8keren bli offentliggjort selv om s\u00f8keren har anmodet om ikke \u00e5 bli oppf\u00f8rt p\u00e5 s\u00f8kerlisten.<\/p><p>KUSEK IKS \u00f8nsker ikke kontakt med selgere.<\/p>\t\t\t\t\t\t\t\t<\/div>\n\t\t\t\t<\/div>\n\t\t\t\t<div class=\"elementor-element elementor-element-2fc2530 elementor-align-left elementor-widget elementor-widget-button\" data-id=\"2fc2530\" data-element_type=\"widget\" data-e-type=\"widget\" data-widget_type=\"button.default\">\n\t\t\t\t<div class=\"elementor-widget-container\">\n\t\t\t\t\t\t\t\t\t<div class=\"elementor-button-wrapper\">\n\t\t\t\t\t<a class=\"elementor-button elementor-button-link elementor-size-sm\" href=\"mailto:post@kusek.no\">\n\t\t\t\t\t\t<span class=\"elementor-button-content-wrapper\">\n\t\t\t\t\t\t<span class=\"elementor-button-icon\">\n\t\t\t\t<svg aria-hidden=\"true\" class=\"e-font-icon-svg e-fas-link\" viewbox=\"0 0 512 512\" xmlns=\"http:\/\/www.w3.org\/2000\/svg\"><path d=\"M326.612 185.391c59.747 59.809 58.927 155.698.36 214.59-.11.12-.24.25-.36.37l-67.2 67.2c-59.27 59.27-155.699 59.262-214.96 0-59.27-59.26-59.27-155.7 0-214.96l37.106-37.106c9.84-9.84 26.786-3.3 27.294 10.606.648 17.722 3.826 35.527 9.69 52.721 1.986 5.822.567 12.262-3.783 16.612l-13.087 13.087c-28.026 28.026-28.905 73.66-1.155 101.96 28.024 28.579 74.086 28.749 102.325.51l67.2-67.19c28.191-28.191 28.073-73.757 0-101.83-3.701-3.694-7.429-6.564-10.341-8.569a16.037 16.037 0 0 1-6.947-12.606c-.396-10.567 3.348-21.456 11.698-29.806l21.054-21.055c5.521-5.521 14.182-6.199 20.584-1.731a152.482 152.482 0 0 1 20.522 17.197zM467.547 44.449c-59.261-59.262-155.69-59.27-214.96 0l-67.2 67.2c-.12.12-.25.25-.36.37-58.566 58.892-59.387 154.781.36 214.59a152.454 152.454 0 0 0 20.521 17.196c6.402 4.468 15.064 3.789 20.584-1.731l21.054-21.055c8.35-8.35 12.094-19.239 11.698-29.806a16.037 16.037 0 0 0-6.947-12.606c-2.912-2.005-6.64-4.875-10.341-8.569-28.073-28.073-28.191-73.639 0-101.83l67.2-67.19c28.239-28.239 74.3-28.069 102.325.51 27.75 28.3 26.872 73.934-1.155 101.96l-13.087 13.087c-4.35 4.35-5.769 10.79-3.783 16.612 5.864 17.194 9.042 34.999 9.69 52.721.509 13.906 17.454 20.446 27.294 10.606l37.106-37.106c59.271-59.259 59.271-155.699.001-214.959z\"><\/path><\/svg>\t\t\t<\/span>\n\t\t\t\t\t\t\t\t\t<span class=\"elementor-button-text\">Send e-post til post@kusek.no<\/span>\n\t\t\t\t\t<\/span>\n\t\t\t\t\t<\/a>\n\t\t\t\t<\/div>\n\t\t\t\t\t\t\t\t<\/div>\n\t\t\t\t<\/div>\n\t\t\t\t<\/div>\n\t\t\t\t\t<\/div>\n\t\t\t\t<\/div>\n\t\t\t\t<\/div>","protected":false},"excerpt":{"rendered":"<p>Ledige stillinger Det er for tiden ingen ledige stillinger Send s\u00f8knad S\u00f8knad, CV og vedlegg sendes p\u00e5 e-post til post@kusek.no og merkes administrasjonskonsulent. Vi ber om at vitnem\u00e5l\/karakterutskrifter og relevante attester lastes opp som vedlegg til s\u00f8knaden. I henhold til offentlighetsloven kan opplysninger om s\u00f8keren bli offentliggjort selv om s\u00f8keren har anmodet om ikke \u00e5 [&hellip;]<\/p>\n","protected":false},"author":2,"featured_media":0,"parent":0,"menu_order":0,"comment_status":"closed","ping_status":"closed","template":"elementor_header_footer","meta":{"_mc_calendar":[],"footnotes":""},"class_list":["post-12","page","type-page","status-publish","hentry"],"yoast_head":"<!-- This site is optimized with the Yoast SEO plugin v27.2 - https:\/\/yoast.com\/product\/yoast-seo-wordpress\/ -->\n<title>Ledige stillinger - KUSEK IKS<\/title>\n<meta name=\"description\" content=\"Kontrollutvalgssekretariatet i Vest-Finnmark IKS - Oarje-Finnm\u00e1rkku D\u00e1rkkistanl\u00e1vdegotti \u010d\u00e1llingoddi SGO. KUSEK IKS utf\u00f8rer sekretariatstjeneste for kontrollutvalgene i sine 10 eierkommuner i Vest-Finnmark.\" \/>\n<meta name=\"robots\" content=\"index, follow, max-snippet:-1, max-image-preview:large, max-video-preview:-1\" \/>\n<link rel=\"canonical\" href=\"https:\/\/kusek.no\/se_sme\/ledige-stillinger\/\" \/>\n<meta property=\"og:locale\" content=\"en_US\" \/>\n<meta property=\"og:type\" content=\"article\" \/>\n<meta property=\"og:title\" content=\"Ledige stillinger - KUSEK IKS\" \/>\n<meta property=\"og:description\" content=\"Kontrollutvalgssekretariatet i Vest-Finnmark IKS - Oarje-Finnm\u00e1rkku D\u00e1rkkistanl\u00e1vdegotti \u010d\u00e1llingoddi SGO. KUSEK IKS utf\u00f8rer sekretariatstjeneste for kontrollutvalgene i sine 10 eierkommuner i Vest-Finnmark.\" \/>\n<meta property=\"og:url\" content=\"https:\/\/kusek.no\/se_sme\/ledige-stillinger\/\" \/>\n<meta property=\"og:site_name\" content=\"KUSEK IKS\" \/>\n<meta property=\"article:modified_time\" content=\"2025-02-11T11:43:41+00:00\" \/>\n<meta name=\"twitter:card\" content=\"summary_large_image\" \/>\n<meta name=\"twitter:label1\" content=\"Est. reading time\" \/>\n\t<meta name=\"twitter:data1\" content=\"1 minute\" \/>\n<script type=\"application\/ld+json\" class=\"yoast-schema-graph\">{\"@context\":\"https:\/\/schema.org\",\"@graph\":[{\"@type\":\"WebPage\",\"@id\":\"https:\/\/kusek.no\/ledige-stillinger\/\",\"url\":\"https:\/\/kusek.no\/ledige-stillinger\/\",\"name\":\"Ledige stillinger - KUSEK IKS\",\"isPartOf\":{\"@id\":\"https:\/\/kusek.no\/#website\"},\"datePublished\":\"2019-08-14T13:51:00+00:00\",\"dateModified\":\"2025-02-11T11:43:41+00:00\",\"description\":\"Kontrollutvalgssekretariatet i Vest-Finnmark IKS - Oarje-Finnm\u00e1rkku D\u00e1rkkistanl\u00e1vdegotti \u010d\u00e1llingoddi SGO. KUSEK IKS utf\u00f8rer sekretariatstjeneste for kontrollutvalgene i sine 10 eierkommuner i Vest-Finnmark.\",\"breadcrumb\":{\"@id\":\"https:\/\/kusek.no\/ledige-stillinger\/#breadcrumb\"},\"inLanguage\":\"se-sme\",\"potentialAction\":[{\"@type\":\"ReadAction\",\"target\":[\"https:\/\/kusek.no\/ledige-stillinger\/\"]}]},{\"@type\":\"BreadcrumbList\",\"@id\":\"https:\/\/kusek.no\/ledige-stillinger\/#breadcrumb\",\"itemListElement\":[{\"@type\":\"ListItem\",\"position\":1,\"name\":\"Home\",\"item\":\"https:\/\/kusek.no\/\"},{\"@type\":\"ListItem\",\"position\":2,\"name\":\"Ledige stillinger\"}]},{\"@type\":\"WebSite\",\"@id\":\"https:\/\/kusek.no\/#website\",\"url\":\"https:\/\/kusek.no\/\",\"name\":\"KUSEK IKS\",\"description\":\"Et interkommunalt selskap\",\"publisher\":{\"@id\":\"https:\/\/kusek.no\/#organization\"},\"potentialAction\":[{\"@type\":\"SearchAction\",\"target\":{\"@type\":\"EntryPoint\",\"urlTemplate\":\"https:\/\/kusek.no\/?s={search_term_string}\"},\"query-input\":{\"@type\":\"PropertyValueSpecification\",\"valueRequired\":true,\"valueName\":\"search_term_string\"}}],\"inLanguage\":\"se-sme\"},{\"@type\":\"Organization\",\"@id\":\"https:\/\/kusek.no\/#organization\",\"name\":\"Kusek IKS\",\"url\":\"https:\/\/kusek.no\/\",\"logo\":{\"@type\":\"ImageObject\",\"inLanguage\":\"se-sme\",\"@id\":\"https:\/\/kusek.no\/#\/schema\/logo\/image\/\",\"url\":\"https:\/\/kusek.no\/wp-content\/uploads\/2019\/08\/logo.png\",\"contentUrl\":\"https:\/\/kusek.no\/wp-content\/uploads\/2019\/08\/logo.png\",\"width\":104,\"height\":100,\"caption\":\"Kusek IKS\"},\"image\":{\"@id\":\"https:\/\/kusek.no\/#\/schema\/logo\/image\/\"}}]}<\/script>\n<!-- \/ Yoast SEO plugin. -->","yoast_head_json":{"title":"Ledige stillinger - KUSEK IKS","description":"Kontrollutvalgssekretariatet i Vest-Finnmark IKS - Oarje-Finnm\u00e1rkku D\u00e1rkkistanl\u00e1vdegotti \u010d\u00e1llingoddi SGO. KUSEK IKS utf\u00f8rer sekretariatstjeneste for kontrollutvalgene i sine 10 eierkommuner i Vest-Finnmark.","robots":{"index":"index","follow":"follow","max-snippet":"max-snippet:-1","max-image-preview":"max-image-preview:large","max-video-preview":"max-video-preview:-1"},"canonical":"https:\/\/kusek.no\/se_sme\/ledige-stillinger\/","og_locale":"en_US","og_type":"article","og_title":"Ledige stillinger - KUSEK IKS","og_description":"Kontrollutvalgssekretariatet i Vest-Finnmark IKS - Oarje-Finnm\u00e1rkku D\u00e1rkkistanl\u00e1vdegotti \u010d\u00e1llingoddi SGO. KUSEK IKS utf\u00f8rer sekretariatstjeneste for kontrollutvalgene i sine 10 eierkommuner i Vest-Finnmark.","og_url":"https:\/\/kusek.no\/se_sme\/ledige-stillinger\/","og_site_name":"KUSEK IKS","article_modified_time":"2025-02-11T11:43:41+00:00","twitter_card":"summary_large_image","twitter_misc":{"Est. reading time":"1 minute"},"schema":{"@context":"https:\/\/schema.org","@graph":[{"@type":"WebPage","@id":"https:\/\/kusek.no\/ledige-stillinger\/","url":"https:\/\/kusek.no\/ledige-stillinger\/","name":"Ledige stillinger - KUSEK IKS","isPartOf":{"@id":"https:\/\/kusek.no\/#website"},"datePublished":"2019-08-14T13:51:00+00:00","dateModified":"2025-02-11T11:43:41+00:00","description":"Kontrollutvalgssekretariatet i Vest-Finnmark IKS - Oarje-Finnm\u00e1rkku D\u00e1rkkistanl\u00e1vdegotti \u010d\u00e1llingoddi SGO. KUSEK IKS utf\u00f8rer sekretariatstjeneste for kontrollutvalgene i sine 10 eierkommuner i Vest-Finnmark.","breadcrumb":{"@id":"https:\/\/kusek.no\/ledige-stillinger\/#breadcrumb"},"inLanguage":"se-sme","potentialAction":[{"@type":"ReadAction","target":["https:\/\/kusek.no\/ledige-stillinger\/"]}]},{"@type":"BreadcrumbList","@id":"https:\/\/kusek.no\/ledige-stillinger\/#breadcrumb","itemListElement":[{"@type":"ListItem","position":1,"name":"Home","item":"https:\/\/kusek.no\/"},{"@type":"ListItem","position":2,"name":"Ledige stillinger"}]},{"@type":"WebSite","@id":"https:\/\/kusek.no\/#website","url":"https:\/\/kusek.no\/","name":"KUSEK IKS","description":"Et interkommunalt selskap","publisher":{"@id":"https:\/\/kusek.no\/#organization"},"potentialAction":[{"@type":"SearchAction","target":{"@type":"EntryPoint","urlTemplate":"https:\/\/kusek.no\/?s={search_term_string}"},"query-input":{"@type":"PropertyValueSpecification","valueRequired":true,"valueName":"search_term_string"}}],"inLanguage":"se-sme"},{"@type":"Organization","@id":"https:\/\/kusek.no\/#organization","name":"Kusek IKS","url":"https:\/\/kusek.no\/","logo":{"@type":"ImageObject","inLanguage":"se-sme","@id":"https:\/\/kusek.no\/#\/schema\/logo\/image\/","url":"https:\/\/kusek.no\/wp-content\/uploads\/2019\/08\/logo.png","contentUrl":"https:\/\/kusek.no\/wp-content\/uploads\/2019\/08\/logo.png","width":104,"height":100,"caption":"Kusek IKS"},"image":{"@id":"https:\/\/kusek.no\/#\/schema\/logo\/image\/"}}]}},"_links":{"self":[{"href":"https:\/\/kusek.no\/se_sme\/wp-json\/wp\/v2\/pages\/12","targetHints":{"allow":["GET"]}}],"collection":[{"href":"https:\/\/kusek.no\/se_sme\/wp-json\/wp\/v2\/pages"}],"about":[{"href":"https:\/\/kusek.no\/se_sme\/wp-json\/wp\/v2\/types\/page"}],"author":[{"embeddable":true,"href":"https:\/\/kusek.no\/se_sme\/wp-json\/wp\/v2\/users\/2"}],"replies":[{"embeddable":true,"href":"https:\/\/kusek.no\/se_sme\/wp-json\/wp\/v2\/comments?post=12"}],"version-history":[{"count":0,"href":"https:\/\/kusek.no\/se_sme\/wp-json\/wp\/v2\/pages\/12\/revisions"}],"wp:attachment":[{"href":"https:\/\/kusek.no\/se_sme\/wp-json\/wp\/v2\/media?parent=12"}],"curies":[{"name":"wp","href":"https:\/\/api.w.org\/{rel}","templated":true}]}}