{"id":3852,"date":"2024-09-24T11:30:10","date_gmt":"2024-09-24T11:30:10","guid":{"rendered":"http:\/\/dev.kontrollutvalg\/?page_id=3852"},"modified":"2025-01-23T14:01:05","modified_gmt":"2025-01-23T14:01:05","slug":"kontakt-oss","status":"publish","type":"page","link":"https:\/\/kusek.no\/se_sme\/kontakt-oss\/","title":{"rendered":"V\u00e1ldde oktavuo\u0111a"},"content":{"rendered":"<div data-elementor-type=\"wp-page\" data-elementor-id=\"3852\" class=\"elementor elementor-3852\" data-elementor-post-type=\"page\">\n\t\t\t\t<div class=\"elementor-element elementor-element-59d0e9e e-flex e-con-boxed e-con e-parent\" data-id=\"59d0e9e\" data-element_type=\"container\" data-e-type=\"container\">\n\t\t\t\t\t<div class=\"e-con-inner\">\n\t\t<div class=\"elementor-element elementor-element-54ef047 e-con-full e-flex e-con e-child\" data-id=\"54ef047\" data-element_type=\"container\" data-e-type=\"container\" data-settings=\"{&quot;background_background&quot;:&quot;classic&quot;}\">\n\t\t<div class=\"elementor-element elementor-element-5f55b31 e-con-full e-flex e-con e-child\" data-id=\"5f55b31\" data-element_type=\"container\" data-e-type=\"container\">\n\t\t\t\t<div class=\"elementor-element elementor-element-6069dad elementor-widget elementor-widget-heading\" data-id=\"6069dad\" data-element_type=\"widget\" data-e-type=\"widget\" data-widget_type=\"heading.default\">\n\t\t\t\t<div class=\"elementor-widget-container\">\n\t\t\t\t\t<h1 class=\"elementor-heading-title elementor-size-default\">V\u00e1ldde oktavuo\u0111a<\/h1>\t\t\t\t<\/div>\n\t\t\t\t<\/div>\n\t\t\t\t<\/div>\n\t\t\t\t<\/div>\n\t\t<div class=\"elementor-element elementor-element-8182c24 e-con-full e-flex e-con e-child\" data-id=\"8182c24\" data-element_type=\"container\" data-e-type=\"container\" data-settings=\"{&quot;background_background&quot;:&quot;classic&quot;}\">\n\t\t<div class=\"elementor-element elementor-element-f488bf3 e-con-full e-flex e-con e-child\" data-id=\"f488bf3\" data-element_type=\"container\" data-e-type=\"container\">\n\t\t\t\t<div class=\"elementor-element elementor-element-271c8e7 elementor-widget elementor-widget-text-editor\" data-id=\"271c8e7\" data-element_type=\"widget\" data-e-type=\"widget\" data-widget_type=\"text-editor.default\">\n\t\t\t\t<div class=\"elementor-widget-container\">\n\t\t\t\t\t\t\t\t\t<p><strong>Kate M. Larsen<\/strong><\/p>\t\t\t\t\t\t\t\t<\/div>\n\t\t\t\t<\/div>\n\t\t\t\t<div class=\"elementor-element elementor-element-5cfd1d1 elementor-icon-list--layout-traditional elementor-list-item-link-full_width elementor-widget elementor-widget-icon-list\" data-id=\"5cfd1d1\" data-element_type=\"widget\" data-e-type=\"widget\" data-widget_type=\"icon-list.default\">\n\t\t\t\t<div class=\"elementor-widget-container\">\n\t\t\t\t\t\t\t<ul class=\"elementor-icon-list-items\">\n\t\t\t\t\t\t\t<li class=\"elementor-icon-list-item\">\n\t\t\t\t\t\t\t\t\t\t\t<a href=\"mailto:kate.larsen@kusek.no\">\n\n\t\t\t\t\t\t\t\t\t\t\t\t<span class=\"elementor-icon-list-icon\">\n\t\t\t\t\t\t\t<svg aria-hidden=\"true\" class=\"e-font-icon-svg e-fas-envelope\" viewbox=\"0 0 512 512\" xmlns=\"http:\/\/www.w3.org\/2000\/svg\"><path d=\"M502.3 190.8c3.9-3.1 9.7-.2 9.7 4.7V400c0 26.5-21.5 48-48 48H48c-26.5 0-48-21.5-48-48V195.6c0-5 5.7-7.8 9.7-4.7 22.4 17.4 52.1 39.5 154.1 113.6 21.1 15.4 56.7 47.8 92.2 47.6 35.7.3 72-32.8 92.3-47.6 102-74.1 131.6-96.3 154-113.7zM256 320c23.2.4 56.6-29.2 73.4-41.4 132.7-96.3 142.8-104.7 173.4-128.7 5.8-4.5 9.2-11.5 9.2-18.9v-19c0-26.5-21.5-48-48-48H48C21.5 64 0 85.5 0 112v19c0 7.4 3.4 14.3 9.2 18.9 30.6 23.9 40.7 32.4 173.4 128.7 16.8 12.2 50.2 41.8 73.4 41.4z\"><\/path><\/svg>\t\t\t\t\t\t<\/span>\n\t\t\t\t\t\t\t\t\t\t<span class=\"elementor-icon-list-text\">kate.larsen@kusek.no<\/span>\n\t\t\t\t\t\t\t\t\t\t\t<\/a>\n\t\t\t\t\t\t\t\t\t<\/li>\n\t\t\t\t\t\t\t\t<li class=\"elementor-icon-list-item\">\n\t\t\t\t\t\t\t\t\t\t\t<a href=\"tel:+4795780657\">\n\n\t\t\t\t\t\t\t\t\t\t\t\t<span class=\"elementor-icon-list-icon\">\n\t\t\t\t\t\t\t<svg aria-hidden=\"true\" class=\"e-font-icon-svg e-fas-phone-alt\" viewbox=\"0 0 512 512\" xmlns=\"http:\/\/www.w3.org\/2000\/svg\"><path d=\"M497.39 361.8l-112-48a24 24 0 0 0-28 6.9l-49.6 60.6A370.66 370.66 0 0 1 130.6 204.11l60.6-49.6a23.94 23.94 0 0 0 6.9-28l-48-112A24.16 24.16 0 0 0 122.6.61l-104 24A24 24 0 0 0 0 48c0 256.5 207.9 464 464 464a24 24 0 0 0 23.4-18.6l24-104a24.29 24.29 0 0 0-14.01-27.6z\"><\/path><\/svg>\t\t\t\t\t\t<\/span>\n\t\t\t\t\t\t\t\t\t\t<span class=\"elementor-icon-list-text\">+47 957 80 657<\/span>\n\t\t\t\t\t\t\t\t\t\t\t<\/a>\n\t\t\t\t\t\t\t\t\t<\/li>\n\t\t\t\t\t\t<\/ul>\n\t\t\t\t\t\t<\/div>\n\t\t\t\t<\/div>\n\t\t\t\t<\/div>\n\t\t\t\t<\/div>\n\t\t\t\t\t<\/div>\n\t\t\t\t<\/div>\n\t\t<div class=\"elementor-element elementor-element-89d4965 e-flex e-con-boxed e-con e-parent\" data-id=\"89d4965\" data-element_type=\"container\" data-e-type=\"container\">\n\t\t\t\t\t<div class=\"e-con-inner\">\n\t\t<div class=\"elementor-element elementor-element-9146150 e-con-full e-flex e-con e-child\" data-id=\"9146150\" data-element_type=\"container\" data-e-type=\"container\" data-settings=\"{&quot;background_background&quot;:&quot;classic&quot;}\">\n\t\t\t\t<div class=\"elementor-element elementor-element-c8376fc elementor-widget elementor-widget-heading\" data-id=\"c8376fc\" data-element_type=\"widget\" data-e-type=\"widget\" data-widget_type=\"heading.default\">\n\t\t\t\t<div class=\"elementor-widget-container\">\n\t\t\t\t\t<h2 class=\"elementor-heading-title elementor-size-default\">Poasta\u010dujuhus<\/h2>\t\t\t\t<\/div>\n\t\t\t\t<\/div>\n\t\t\t\t<\/div>\n\t\t<div class=\"elementor-element elementor-element-6a1e50e e-con-full e-flex e-con e-child\" data-id=\"6a1e50e\" data-element_type=\"container\" data-e-type=\"container\" data-settings=\"{&quot;background_background&quot;:&quot;classic&quot;}\">\n\t\t<div class=\"elementor-element elementor-element-555e0b8 e-con-full e-flex e-con e-child\" data-id=\"555e0b8\" data-element_type=\"container\" data-e-type=\"container\">\n\t\t\t\t<div class=\"elementor-element elementor-element-71669e8 elementor-view-default elementor-widget elementor-widget-icon\" data-id=\"71669e8\" data-element_type=\"widget\" data-e-type=\"widget\" data-widget_type=\"icon.default\">\n\t\t\t\t<div class=\"elementor-widget-container\">\n\t\t\t\t\t\t\t<div class=\"elementor-icon-wrapper\">\n\t\t\t<div class=\"elementor-icon\">\n\t\t\t<svg aria-hidden=\"true\" class=\"e-font-icon-svg e-fas-map-pin\" viewbox=\"0 0 288 512\" xmlns=\"http:\/\/www.w3.org\/2000\/svg\"><path d=\"M112 316.94v156.69l22.02 33.02c4.75 7.12 15.22 7.12 19.97 0L176 473.63V316.94c-10.39 1.92-21.06 3.06-32 3.06s-21.61-1.14-32-3.06zM144 0C64.47 0 0 64.47 0 144s64.47 144 144 144 144-64.47 144-144S223.53 0 144 0zm0 76c-37.5 0-68 30.5-68 68 0 6.62-5.38 12-12 12s-12-5.38-12-12c0-50.73 41.28-92 92-92 6.62 0 12 5.38 12 12s-5.38 12-12 12z\"><\/path><\/svg>\t\t\t<\/div>\n\t\t<\/div>\n\t\t\t\t\t\t<\/div>\n\t\t\t\t<\/div>\n\t\t\t\t<div class=\"elementor-element elementor-element-87a8038 elementor-widget elementor-widget-text-editor\" data-id=\"87a8038\" data-element_type=\"widget\" data-e-type=\"widget\" data-widget_type=\"text-editor.default\">\n\t\t\t\t<div class=\"elementor-widget-container\">\n\t\t\t\t\t\t\t\t\t<p><strong>KUSEK IKS<\/strong><br \/>Postboks 80<br \/>9501 Alta<\/p>\t\t\t\t\t\t\t\t<\/div>\n\t\t\t\t<\/div>\n\t\t\t\t<\/div>\n\t\t<div class=\"elementor-element elementor-element-f0c7292 e-con-full e-flex e-con e-child\" data-id=\"f0c7292\" data-element_type=\"container\" data-e-type=\"container\">\n\t\t\t\t<div class=\"elementor-element elementor-element-db87b2a elementor-view-default elementor-widget elementor-widget-icon\" data-id=\"db87b2a\" data-element_type=\"widget\" data-e-type=\"widget\" data-widget_type=\"icon.default\">\n\t\t\t\t<div class=\"elementor-widget-container\">\n\t\t\t\t\t\t\t<div class=\"elementor-icon-wrapper\">\n\t\t\t<div class=\"elementor-icon\">\n\t\t\t<svg aria-hidden=\"true\" class=\"e-font-icon-svg e-fas-envelope\" viewbox=\"0 0 512 512\" xmlns=\"http:\/\/www.w3.org\/2000\/svg\"><path d=\"M502.3 190.8c3.9-3.1 9.7-.2 9.7 4.7V400c0 26.5-21.5 48-48 48H48c-26.5 0-48-21.5-48-48V195.6c0-5 5.7-7.8 9.7-4.7 22.4 17.4 52.1 39.5 154.1 113.6 21.1 15.4 56.7 47.8 92.2 47.6 35.7.3 72-32.8 92.3-47.6 102-74.1 131.6-96.3 154-113.7zM256 320c23.2.4 56.6-29.2 73.4-41.4 132.7-96.3 142.8-104.7 173.4-128.7 5.8-4.5 9.2-11.5 9.2-18.9v-19c0-26.5-21.5-48-48-48H48C21.5 64 0 85.5 0 112v19c0 7.4 3.4 14.3 9.2 18.9 30.6 23.9 40.7 32.4 173.4 128.7 16.8 12.2 50.2 41.8 73.4 41.4z\"><\/path><\/svg>\t\t\t<\/div>\n\t\t<\/div>\n\t\t\t\t\t\t<\/div>\n\t\t\t\t<\/div>\n\t\t\t\t<div class=\"elementor-element elementor-element-9697197 elementor-widget elementor-widget-text-editor\" data-id=\"9697197\" data-element_type=\"widget\" data-e-type=\"widget\" data-widget_type=\"text-editor.default\">\n\t\t\t\t<div class=\"elementor-widget-container\">\n\t\t\t\t\t\t\t\t\t<p><a href=\"mailto:post@kusek.no\">post@kusek.no<\/a><\/p>\t\t\t\t\t\t\t\t<\/div>\n\t\t\t\t<\/div>\n\t\t\t\t<\/div>\n\t\t\t\t<\/div>\n\t\t\t\t\t<\/div>\n\t\t\t\t<\/div>\n\t\t<div class=\"elementor-element elementor-element-63233cd e-flex e-con-boxed e-con e-parent\" data-id=\"63233cd\" data-element_type=\"container\" data-e-type=\"container\">\n\t\t\t\t\t<div class=\"e-con-inner\">\n\t\t<div class=\"elementor-element elementor-element-70adfb6 e-con-full e-flex e-con e-child\" data-id=\"70adfb6\" data-element_type=\"container\" data-e-type=\"container\" data-settings=\"{&quot;background_background&quot;:&quot;classic&quot;}\">\n\t\t\t\t<div class=\"elementor-element elementor-element-461f94a elementor-widget elementor-widget-heading\" data-id=\"461f94a\" data-element_type=\"widget\" data-e-type=\"widget\" data-widget_type=\"heading.default\">\n\t\t\t\t<div class=\"elementor-widget-container\">\n\t\t\t\t\t<h2 class=\"elementor-heading-title elementor-size-default\">Galledan\u010dujuhus<\/h2>\t\t\t\t<\/div>\n\t\t\t\t<\/div>\n\t\t\t\t<\/div>\n\t\t<div class=\"elementor-element elementor-element-03ae1c6 e-con-full e-flex e-con e-child\" data-id=\"03ae1c6\" data-element_type=\"container\" data-e-type=\"container\" data-settings=\"{&quot;background_background&quot;:&quot;classic&quot;}\">\n\t\t<div class=\"elementor-element elementor-element-baf2ddf e-con-full e-flex e-con e-child\" data-id=\"baf2ddf\" data-element_type=\"container\" data-e-type=\"container\">\n\t\t\t\t<div class=\"elementor-element elementor-element-e29c9cb elementor-view-default elementor-widget elementor-widget-icon\" data-id=\"e29c9cb\" data-element_type=\"widget\" data-e-type=\"widget\" data-widget_type=\"icon.default\">\n\t\t\t\t<div class=\"elementor-widget-container\">\n\t\t\t\t\t\t\t<div class=\"elementor-icon-wrapper\">\n\t\t\t<div class=\"elementor-icon\">\n\t\t\t<svg aria-hidden=\"true\" class=\"e-font-icon-svg e-fas-map-pin\" viewbox=\"0 0 288 512\" xmlns=\"http:\/\/www.w3.org\/2000\/svg\"><path d=\"M112 316.94v156.69l22.02 33.02c4.75 7.12 15.22 7.12 19.97 0L176 473.63V316.94c-10.39 1.92-21.06 3.06-32 3.06s-21.61-1.14-32-3.06zM144 0C64.47 0 0 64.47 0 144s64.47 144 144 144 144-64.47 144-144S223.53 0 144 0zm0 76c-37.5 0-68 30.5-68 68 0 6.62-5.38 12-12 12s-12-5.38-12-12c0-50.73 41.28-92 92-92 6.62 0 12 5.38 12 12s-5.38 12-12 12z\"><\/path><\/svg>\t\t\t<\/div>\n\t\t<\/div>\n\t\t\t\t\t\t<\/div>\n\t\t\t\t<\/div>\n\t\t\t\t<div class=\"elementor-element elementor-element-c087d93 elementor-widget elementor-widget-text-editor\" data-id=\"c087d93\" data-element_type=\"widget\" data-e-type=\"widget\" data-widget_type=\"text-editor.default\">\n\t\t\t\t<div class=\"elementor-widget-container\">\n\t\t\t\t\t\t\t\t\t<p><strong>H\u00e1mmerfeastt\u00e1 kantuvra<\/strong><\/p><p>Fuglenesveien 82<br \/>9601 Hammerfest<\/p>\t\t\t\t\t\t\t\t<\/div>\n\t\t\t\t<\/div>\n\t\t\t\t<\/div>\n\t\t<div class=\"elementor-element elementor-element-7db634b e-con-full e-flex e-con e-child\" data-id=\"7db634b\" data-element_type=\"container\" data-e-type=\"container\">\n\t\t\t\t<div class=\"elementor-element elementor-element-6c0de3a elementor-view-default elementor-widget elementor-widget-icon\" data-id=\"6c0de3a\" data-element_type=\"widget\" data-e-type=\"widget\" data-widget_type=\"icon.default\">\n\t\t\t\t<div class=\"elementor-widget-container\">\n\t\t\t\t\t\t\t<div class=\"elementor-icon-wrapper\">\n\t\t\t<div class=\"elementor-icon\">\n\t\t\t<svg aria-hidden=\"true\" class=\"e-font-icon-svg e-fas-map-pin\" viewbox=\"0 0 288 512\" xmlns=\"http:\/\/www.w3.org\/2000\/svg\"><path d=\"M112 316.94v156.69l22.02 33.02c4.75 7.12 15.22 7.12 19.97 0L176 473.63V316.94c-10.39 1.92-21.06 3.06-32 3.06s-21.61-1.14-32-3.06zM144 0C64.47 0 0 64.47 0 144s64.47 144 144 144 144-64.47 144-144S223.53 0 144 0zm0 76c-37.5 0-68 30.5-68 68 0 6.62-5.38 12-12 12s-12-5.38-12-12c0-50.73 41.28-92 92-92 6.62 0 12 5.38 12 12s-5.38 12-12 12z\"><\/path><\/svg>\t\t\t<\/div>\n\t\t<\/div>\n\t\t\t\t\t\t<\/div>\n\t\t\t\t<\/div>\n\t\t\t\t<div class=\"elementor-element elementor-element-e84625f elementor-widget elementor-widget-text-editor\" data-id=\"e84625f\" data-element_type=\"widget\" data-e-type=\"widget\" data-widget_type=\"text-editor.default\">\n\t\t\t\t<div class=\"elementor-widget-container\">\n\t\t\t\t\t\t\t\t\t<p><strong>\u00c1ltt\u00e1 kantuvra<\/strong><\/p><p>Altaveien 95\/97, inngang B, 2. etg<br \/>9513 Alta<\/p>\t\t\t\t\t\t\t\t<\/div>\n\t\t\t\t<\/div>\n\t\t\t\t<\/div>\n\t\t\t\t<\/div>\n\t\t\t\t\t<\/div>\n\t\t\t\t<\/div>\n\t\t\t\t<\/div>","protected":false},"excerpt":{"rendered":"<p>Kontakt oss Kate M. Larsen kate.larsen@kusek.no +47 957 80 657 Postadresse KUSEK IKSPostboks 809501 Alta post@kusek.no Bes\u00f8ksadresser Hammerfest kontoret Fuglenesveien 829601 Hammerfest Alta kontoret Altaveien 95\/97, inngang B, 2. etg9513 Alta<\/p>","protected":false},"author":2,"featured_media":0,"parent":0,"menu_order":0,"comment_status":"closed","ping_status":"closed","template":"elementor_header_footer","meta":{"_mc_calendar":[],"footnotes":""},"class_list":["post-3852","page","type-page","status-publish","hentry"],"yoast_head":"<!-- This site is optimized with the Yoast SEO plugin v27.2 - https:\/\/yoast.com\/product\/yoast-seo-wordpress\/ -->\n<title>Kontakt oss - KUSEK IKS<\/title>\n<meta name=\"description\" content=\"Kontrollutvalgssekretariatet i Vest-Finnmark IKS - Oarje-Finnm\u00e1rkku D\u00e1rkkistanl\u00e1vdegotti \u010d\u00e1llingoddi SGO. KUSEK IKS utf\u00f8rer sekretariatstjeneste for kontrollutvalgene i sine 10 eierkommuner i Vest-Finnmark.\" \/>\n<meta name=\"robots\" content=\"index, follow, max-snippet:-1, max-image-preview:large, max-video-preview:-1\" \/>\n<link rel=\"canonical\" href=\"https:\/\/kusek.no\/se_sme\/kontakt-oss\/\" \/>\n<meta property=\"og:locale\" content=\"en_US\" \/>\n<meta property=\"og:type\" content=\"article\" \/>\n<meta property=\"og:title\" content=\"Kontakt oss - KUSEK IKS\" \/>\n<meta property=\"og:description\" content=\"Kontrollutvalgssekretariatet i Vest-Finnmark IKS - Oarje-Finnm\u00e1rkku D\u00e1rkkistanl\u00e1vdegotti \u010d\u00e1llingoddi SGO. KUSEK IKS utf\u00f8rer sekretariatstjeneste for kontrollutvalgene i sine 10 eierkommuner i Vest-Finnmark.\" \/>\n<meta property=\"og:url\" content=\"https:\/\/kusek.no\/se_sme\/kontakt-oss\/\" \/>\n<meta property=\"og:site_name\" content=\"KUSEK IKS\" \/>\n<meta property=\"article:modified_time\" content=\"2025-01-23T14:01:05+00:00\" \/>\n<meta name=\"twitter:card\" content=\"summary_large_image\" \/>\n<meta name=\"twitter:label1\" content=\"Est. reading time\" \/>\n\t<meta name=\"twitter:data1\" content=\"1 minute\" \/>\n<script type=\"application\/ld+json\" class=\"yoast-schema-graph\">{\"@context\":\"https:\/\/schema.org\",\"@graph\":[{\"@type\":\"WebPage\",\"@id\":\"https:\/\/kusek.no\/kontakt-oss\/\",\"url\":\"https:\/\/kusek.no\/kontakt-oss\/\",\"name\":\"Kontakt oss - KUSEK IKS\",\"isPartOf\":{\"@id\":\"https:\/\/kusek.no\/#website\"},\"datePublished\":\"2024-09-24T11:30:10+00:00\",\"dateModified\":\"2025-01-23T14:01:05+00:00\",\"description\":\"Kontrollutvalgssekretariatet i Vest-Finnmark IKS - Oarje-Finnm\u00e1rkku D\u00e1rkkistanl\u00e1vdegotti \u010d\u00e1llingoddi SGO. KUSEK IKS utf\u00f8rer sekretariatstjeneste for kontrollutvalgene i sine 10 eierkommuner i Vest-Finnmark.\",\"breadcrumb\":{\"@id\":\"https:\/\/kusek.no\/kontakt-oss\/#breadcrumb\"},\"inLanguage\":\"se-sme\",\"potentialAction\":[{\"@type\":\"ReadAction\",\"target\":[\"https:\/\/kusek.no\/kontakt-oss\/\"]}]},{\"@type\":\"BreadcrumbList\",\"@id\":\"https:\/\/kusek.no\/kontakt-oss\/#breadcrumb\",\"itemListElement\":[{\"@type\":\"ListItem\",\"position\":1,\"name\":\"Home\",\"item\":\"https:\/\/kusek.no\/\"},{\"@type\":\"ListItem\",\"position\":2,\"name\":\"Kontakt oss\"}]},{\"@type\":\"WebSite\",\"@id\":\"https:\/\/kusek.no\/#website\",\"url\":\"https:\/\/kusek.no\/\",\"name\":\"KUSEK IKS\",\"description\":\"Et interkommunalt selskap\",\"publisher\":{\"@id\":\"https:\/\/kusek.no\/#organization\"},\"potentialAction\":[{\"@type\":\"SearchAction\",\"target\":{\"@type\":\"EntryPoint\",\"urlTemplate\":\"https:\/\/kusek.no\/?s={search_term_string}\"},\"query-input\":{\"@type\":\"PropertyValueSpecification\",\"valueRequired\":true,\"valueName\":\"search_term_string\"}}],\"inLanguage\":\"se-sme\"},{\"@type\":\"Organization\",\"@id\":\"https:\/\/kusek.no\/#organization\",\"name\":\"Kusek IKS\",\"url\":\"https:\/\/kusek.no\/\",\"logo\":{\"@type\":\"ImageObject\",\"inLanguage\":\"se-sme\",\"@id\":\"https:\/\/kusek.no\/#\/schema\/logo\/image\/\",\"url\":\"https:\/\/kusek.no\/wp-content\/uploads\/2019\/08\/logo.png\",\"contentUrl\":\"https:\/\/kusek.no\/wp-content\/uploads\/2019\/08\/logo.png\",\"width\":104,\"height\":100,\"caption\":\"Kusek IKS\"},\"image\":{\"@id\":\"https:\/\/kusek.no\/#\/schema\/logo\/image\/\"}}]}<\/script>\n<!-- \/ Yoast SEO plugin. -->","yoast_head_json":{"title":"Kontakt oss - KUSEK IKS","description":"Kontrollutvalgssekretariatet i Vest-Finnmark IKS - Oarje-Finnm\u00e1rkku D\u00e1rkkistanl\u00e1vdegotti \u010d\u00e1llingoddi SGO. KUSEK IKS utf\u00f8rer sekretariatstjeneste for kontrollutvalgene i sine 10 eierkommuner i Vest-Finnmark.","robots":{"index":"index","follow":"follow","max-snippet":"max-snippet:-1","max-image-preview":"max-image-preview:large","max-video-preview":"max-video-preview:-1"},"canonical":"https:\/\/kusek.no\/se_sme\/kontakt-oss\/","og_locale":"en_US","og_type":"article","og_title":"Kontakt oss - KUSEK IKS","og_description":"Kontrollutvalgssekretariatet i Vest-Finnmark IKS - Oarje-Finnm\u00e1rkku D\u00e1rkkistanl\u00e1vdegotti \u010d\u00e1llingoddi SGO. KUSEK IKS utf\u00f8rer sekretariatstjeneste for kontrollutvalgene i sine 10 eierkommuner i Vest-Finnmark.","og_url":"https:\/\/kusek.no\/se_sme\/kontakt-oss\/","og_site_name":"KUSEK IKS","article_modified_time":"2025-01-23T14:01:05+00:00","twitter_card":"summary_large_image","twitter_misc":{"Est. reading time":"1 minute"},"schema":{"@context":"https:\/\/schema.org","@graph":[{"@type":"WebPage","@id":"https:\/\/kusek.no\/kontakt-oss\/","url":"https:\/\/kusek.no\/kontakt-oss\/","name":"Kontakt oss - KUSEK IKS","isPartOf":{"@id":"https:\/\/kusek.no\/#website"},"datePublished":"2024-09-24T11:30:10+00:00","dateModified":"2025-01-23T14:01:05+00:00","description":"Kontrollutvalgssekretariatet i Vest-Finnmark IKS - Oarje-Finnm\u00e1rkku D\u00e1rkkistanl\u00e1vdegotti \u010d\u00e1llingoddi SGO. KUSEK IKS utf\u00f8rer sekretariatstjeneste for kontrollutvalgene i sine 10 eierkommuner i Vest-Finnmark.","breadcrumb":{"@id":"https:\/\/kusek.no\/kontakt-oss\/#breadcrumb"},"inLanguage":"se-sme","potentialAction":[{"@type":"ReadAction","target":["https:\/\/kusek.no\/kontakt-oss\/"]}]},{"@type":"BreadcrumbList","@id":"https:\/\/kusek.no\/kontakt-oss\/#breadcrumb","itemListElement":[{"@type":"ListItem","position":1,"name":"Home","item":"https:\/\/kusek.no\/"},{"@type":"ListItem","position":2,"name":"Kontakt oss"}]},{"@type":"WebSite","@id":"https:\/\/kusek.no\/#website","url":"https:\/\/kusek.no\/","name":"KUSEK IKS","description":"Et interkommunalt selskap","publisher":{"@id":"https:\/\/kusek.no\/#organization"},"potentialAction":[{"@type":"SearchAction","target":{"@type":"EntryPoint","urlTemplate":"https:\/\/kusek.no\/?s={search_term_string}"},"query-input":{"@type":"PropertyValueSpecification","valueRequired":true,"valueName":"search_term_string"}}],"inLanguage":"se-sme"},{"@type":"Organization","@id":"https:\/\/kusek.no\/#organization","name":"Kusek IKS","url":"https:\/\/kusek.no\/","logo":{"@type":"ImageObject","inLanguage":"se-sme","@id":"https:\/\/kusek.no\/#\/schema\/logo\/image\/","url":"https:\/\/kusek.no\/wp-content\/uploads\/2019\/08\/logo.png","contentUrl":"https:\/\/kusek.no\/wp-content\/uploads\/2019\/08\/logo.png","width":104,"height":100,"caption":"Kusek IKS"},"image":{"@id":"https:\/\/kusek.no\/#\/schema\/logo\/image\/"}}]}},"_links":{"self":[{"href":"https:\/\/kusek.no\/se_sme\/wp-json\/wp\/v2\/pages\/3852","targetHints":{"allow":["GET"]}}],"collection":[{"href":"https:\/\/kusek.no\/se_sme\/wp-json\/wp\/v2\/pages"}],"about":[{"href":"https:\/\/kusek.no\/se_sme\/wp-json\/wp\/v2\/types\/page"}],"author":[{"embeddable":true,"href":"https:\/\/kusek.no\/se_sme\/wp-json\/wp\/v2\/users\/2"}],"replies":[{"embeddable":true,"href":"https:\/\/kusek.no\/se_sme\/wp-json\/wp\/v2\/comments?post=3852"}],"version-history":[{"count":0,"href":"https:\/\/kusek.no\/se_sme\/wp-json\/wp\/v2\/pages\/3852\/revisions"}],"wp:attachment":[{"href":"https:\/\/kusek.no\/se_sme\/wp-json\/wp\/v2\/media?parent=3852"}],"curies":[{"name":"wp","href":"https:\/\/api.w.org\/{rel}","templated":true}]}}