{"id":3861,"date":"2024-09-24T11:31:28","date_gmt":"2024-09-24T11:31:28","guid":{"rendered":"http:\/\/dev.kontrollutvalg\/?page_id=3861"},"modified":"2025-11-19T13:31:23","modified_gmt":"2025-11-19T13:31:23","slug":"tilgjengelighetserklaering","status":"publish","type":"page","link":"https:\/\/kusek.no\/se_sme\/tilgjengelighetserklaering\/","title":{"rendered":"Tilgjengelighetserkl\u00e6ring"},"content":{"rendered":"<div data-elementor-type=\"wp-page\" data-elementor-id=\"3861\" class=\"elementor elementor-3861\" data-elementor-post-type=\"page\">\n\t\t\t\t<div class=\"elementor-element elementor-element-4cf5fce e-flex e-con-boxed e-con e-parent\" data-id=\"4cf5fce\" data-element_type=\"container\" data-e-type=\"container\">\n\t\t\t\t\t<div class=\"e-con-inner\">\n\t\t<div class=\"elementor-element elementor-element-138b59b e-con-full e-flex e-con e-child\" data-id=\"138b59b\" data-element_type=\"container\" data-e-type=\"container\" data-settings=\"{&quot;background_background&quot;:&quot;classic&quot;}\">\n\t\t\t\t<div class=\"elementor-element elementor-element-330a76c elementor-widget elementor-widget-heading\" data-id=\"330a76c\" data-element_type=\"widget\" data-e-type=\"widget\" data-widget_type=\"heading.default\">\n\t\t\t\t<div class=\"elementor-widget-container\">\n\t\t\t\t\t<h1 class=\"elementor-heading-title elementor-size-default\">Tilgjengelighetserkl\u00e6ring<\/h1>\t\t\t\t<\/div>\n\t\t\t\t<\/div>\n\t\t\t\t<\/div>\n\t\t<div class=\"elementor-element elementor-element-59f7320 e-con-full e-flex e-con e-child\" data-id=\"59f7320\" data-element_type=\"container\" data-e-type=\"container\" data-settings=\"{&quot;background_background&quot;:&quot;classic&quot;}\">\n\t\t\t\t<div class=\"elementor-element elementor-element-9e1b8ea elementor-widget elementor-widget-text-editor\" data-id=\"9e1b8ea\" data-element_type=\"widget\" data-e-type=\"widget\" data-widget_type=\"text-editor.default\">\n\t\t\t\t<div class=\"elementor-widget-container\">\n\t\t\t\t\t\t\t\t\t<p><strong>Se full UU-statusrapport:<\/strong>\u00a0<a href=\"https:\/\/uustatus.no\/nb\/erklaringer\/publisert\/3863ac5e-e207-4d9b-b579-0b9cebc1fbe4\" target=\"_blank\" rel=\"noopener\">Lenke til rapporten<\/a><\/p><p><strong>Navn p\u00e5 nettstedet:<\/strong> Kusek<\/p><p><strong>Nettadresse:<\/strong> https:\/\/kusek.no<\/p><p><strong>Ansvarlig for nettstedet:<\/strong> Kusek IKS (org. nr. 991 520 759)<\/p><p><strong>Erkl\u00e6ringen er oppdatert:<\/strong> 19.11.2025<\/p>\t\t\t\t\t\t\t\t<\/div>\n\t\t\t\t<\/div>\n\t\t\t\t<\/div>\n\t\t\t\t\t<\/div>\n\t\t\t\t<\/div>\n\t\t<div class=\"elementor-element elementor-element-7bf560a e-flex e-con-boxed e-con e-parent\" data-id=\"7bf560a\" data-element_type=\"container\" data-e-type=\"container\">\n\t\t\t\t\t<div class=\"e-con-inner\">\n\t\t<div class=\"elementor-element elementor-element-d79dfcb e-con-full e-flex e-con e-child\" data-id=\"d79dfcb\" data-element_type=\"container\" data-e-type=\"container\" data-settings=\"{&quot;background_background&quot;:&quot;classic&quot;}\">\n\t\t\t\t<div class=\"elementor-element elementor-element-a2b2881 elementor-widget elementor-widget-heading\" data-id=\"a2b2881\" data-element_type=\"widget\" data-e-type=\"widget\" data-widget_type=\"heading.default\">\n\t\t\t\t<div class=\"elementor-widget-container\">\n\t\t\t\t\t<h2 class=\"elementor-heading-title elementor-size-default\">Meld gjerne fra om brudd p\u00e5 kravene<\/h2>\t\t\t\t<\/div>\n\t\t\t\t<\/div>\n\t\t\t\t<\/div>\n\t\t<div class=\"elementor-element elementor-element-8ea487f e-con-full e-flex e-con e-child\" data-id=\"8ea487f\" data-element_type=\"container\" data-e-type=\"container\" data-settings=\"{&quot;background_background&quot;:&quot;classic&quot;}\">\n\t\t\t\t<div class=\"elementor-element elementor-element-0073725 elementor-widget elementor-widget-text-editor\" data-id=\"0073725\" data-element_type=\"widget\" data-e-type=\"widget\" data-widget_type=\"text-editor.default\">\n\t\t\t\t<div class=\"elementor-widget-container\">\n\t\t\t\t\t\t\t\t\t<div class=\"elementor-element elementor-element-f92ea01 elementor-widget elementor-widget-text-editor\" data-id=\"f92ea01\" data-element_type=\"widget\" data-widget_type=\"text-editor.default\"><div class=\"elementor-widget-container\"><p>Vi \u00f8nsker tilbakemeldinger fra brukerne.<\/p><ul><li>Har du oppdaget feil og mangler knyttet til universell utforming av nettstedet?<\/li><li>Trenger du alternativer til innhold som ikke er universelt utformet?<\/li><li>Har du forslag til forbedringer?<\/li><\/ul><p>\u00a0<\/p><\/div><\/div><div class=\"elementor-element elementor-element-0fa2c6b elementor-widget elementor-widget-text-editor\" data-id=\"0fa2c6b\" data-element_type=\"widget\" data-widget_type=\"text-editor.default\"><div class=\"elementor-widget-container\"><p><strong>Kontakt oss:<\/strong><\/p><p>Telefon:\u00a0<a href=\"tel:+4795780657\">+47 957 80 657<\/a><br \/>E-post:\u00a0<a href=\"mailto:post@kusek.no\">post@kusek.no<\/a><\/p><\/div><\/div>\t\t\t\t\t\t\t\t<\/div>\n\t\t\t\t<\/div>\n\t\t\t\t<\/div>\n\t\t\t\t\t<\/div>\n\t\t\t\t<\/div>\n\t\t<div class=\"elementor-element elementor-element-a54133b e-flex e-con-boxed e-con e-parent\" data-id=\"a54133b\" data-element_type=\"container\" data-e-type=\"container\">\n\t\t\t\t\t<div class=\"e-con-inner\">\n\t\t<div class=\"elementor-element elementor-element-04502ba e-con-full e-flex e-con e-child\" data-id=\"04502ba\" data-element_type=\"container\" data-e-type=\"container\" data-settings=\"{&quot;background_background&quot;:&quot;classic&quot;}\">\n\t\t\t\t<div class=\"elementor-element elementor-element-dc2a3af elementor-widget elementor-widget-heading\" data-id=\"dc2a3af\" data-element_type=\"widget\" data-e-type=\"widget\" data-widget_type=\"heading.default\">\n\t\t\t\t<div class=\"elementor-widget-container\">\n\t\t\t\t\t<h2 class=\"elementor-heading-title elementor-size-default\">Klage<\/h2>\t\t\t\t<\/div>\n\t\t\t\t<\/div>\n\t\t\t\t<\/div>\n\t\t<div class=\"elementor-element elementor-element-650e637 e-con-full e-flex e-con e-child\" data-id=\"650e637\" data-element_type=\"container\" data-e-type=\"container\" data-settings=\"{&quot;background_background&quot;:&quot;classic&quot;}\">\n\t\t\t\t<div class=\"elementor-element elementor-element-52e767d elementor-widget elementor-widget-text-editor\" data-id=\"52e767d\" data-element_type=\"widget\" data-e-type=\"widget\" data-widget_type=\"text-editor.default\">\n\t\t\t\t<div class=\"elementor-widget-container\">\n\t\t\t\t\t\t\t\t\t<div class=\"elementor-element elementor-element-f92ea01 elementor-widget elementor-widget-text-editor\" data-id=\"f92ea01\" data-element_type=\"widget\" data-widget_type=\"text-editor.default\"><div class=\"elementor-widget-container\"><p>Diskrimineringsnemnda behandler klager p\u00e5 brudd p\u00e5 regelverket.<\/p><p>Du finner mer informasjon p\u00e5 deres nettsted.<\/p><p>Du kan ogs\u00e5 klage dersom du ikke mottar svar p\u00e5 henvendelser du har sendt oss.<\/p><\/div><\/div><div class=\"elementor-element elementor-element-0fa2c6b elementor-widget elementor-widget-text-editor\" data-id=\"0fa2c6b\" data-element_type=\"widget\" data-widget_type=\"text-editor.default\"><div class=\"elementor-widget-container\">\u00a0<\/div><\/div>\t\t\t\t\t\t\t\t<\/div>\n\t\t\t\t<\/div>\n\t\t\t\t<\/div>\n\t\t\t\t\t<\/div>\n\t\t\t\t<\/div>\n\t\t\t\t<\/div>","protected":false},"excerpt":{"rendered":"<p>Tilgjengelighetserkl\u00e6ring Se full UU-statusrapport:\u00a0Lenke til rapporten Navn p\u00e5 nettstedet: Kusek Nettadresse: https:\/\/kusek.no Ansvarlig for nettstedet: Kusek IKS (org. nr. 991 520 759) Erkl\u00e6ringen er oppdatert: 19.11.2025 Meld gjerne fra om brudd p\u00e5 kravene Vi \u00f8nsker tilbakemeldinger fra brukerne. Har du oppdaget feil og mangler knyttet til universell utforming av nettstedet? Trenger du alternativer til innhold [&hellip;]<\/p>\n","protected":false},"author":2,"featured_media":0,"parent":0,"menu_order":0,"comment_status":"closed","ping_status":"closed","template":"elementor_header_footer","meta":{"_mc_calendar":[],"footnotes":""},"class_list":["post-3861","page","type-page","status-publish","hentry"],"yoast_head":"<!-- This site is optimized with the Yoast SEO plugin v27.2 - https:\/\/yoast.com\/product\/yoast-seo-wordpress\/ -->\n<title>Tilgjengelighetserkl\u00e6ring - KUSEK IKS<\/title>\n<meta name=\"description\" content=\"Kontrollutvalgssekretariatet i Vest-Finnmark IKS - Oarje-Finnm\u00e1rkku D\u00e1rkkistanl\u00e1vdegotti \u010d\u00e1llingoddi SGO. KUSEK IKS utf\u00f8rer sekretariatstjeneste for kontrollutvalgene i sine 10 eierkommuner i Vest-Finnmark.\" \/>\n<meta name=\"robots\" content=\"index, follow, max-snippet:-1, max-image-preview:large, max-video-preview:-1\" \/>\n<link rel=\"canonical\" href=\"https:\/\/kusek.no\/se_sme\/tilgjengelighetserklaering\/\" \/>\n<meta property=\"og:locale\" content=\"en_US\" \/>\n<meta property=\"og:type\" content=\"article\" \/>\n<meta property=\"og:title\" content=\"Tilgjengelighetserkl\u00e6ring - KUSEK IKS\" \/>\n<meta property=\"og:description\" content=\"Kontrollutvalgssekretariatet i Vest-Finnmark IKS - Oarje-Finnm\u00e1rkku D\u00e1rkkistanl\u00e1vdegotti \u010d\u00e1llingoddi SGO. KUSEK IKS utf\u00f8rer sekretariatstjeneste for kontrollutvalgene i sine 10 eierkommuner i Vest-Finnmark.\" \/>\n<meta property=\"og:url\" content=\"https:\/\/kusek.no\/se_sme\/tilgjengelighetserklaering\/\" \/>\n<meta property=\"og:site_name\" content=\"KUSEK IKS\" \/>\n<meta property=\"article:modified_time\" content=\"2025-11-19T13:31:23+00:00\" \/>\n<meta name=\"twitter:card\" content=\"summary_large_image\" \/>\n<meta name=\"twitter:label1\" content=\"Est. reading time\" \/>\n\t<meta name=\"twitter:data1\" content=\"1 minute\" \/>\n<script type=\"application\/ld+json\" class=\"yoast-schema-graph\">{\"@context\":\"https:\/\/schema.org\",\"@graph\":[{\"@type\":\"WebPage\",\"@id\":\"https:\/\/kusek.no\/tilgjengelighetserklaering\/\",\"url\":\"https:\/\/kusek.no\/tilgjengelighetserklaering\/\",\"name\":\"Tilgjengelighetserkl\u00e6ring - KUSEK IKS\",\"isPartOf\":{\"@id\":\"https:\/\/kusek.no\/#website\"},\"datePublished\":\"2024-09-24T11:31:28+00:00\",\"dateModified\":\"2025-11-19T13:31:23+00:00\",\"description\":\"Kontrollutvalgssekretariatet i Vest-Finnmark IKS - Oarje-Finnm\u00e1rkku D\u00e1rkkistanl\u00e1vdegotti \u010d\u00e1llingoddi SGO. KUSEK IKS utf\u00f8rer sekretariatstjeneste for kontrollutvalgene i sine 10 eierkommuner i Vest-Finnmark.\",\"breadcrumb\":{\"@id\":\"https:\/\/kusek.no\/tilgjengelighetserklaering\/#breadcrumb\"},\"inLanguage\":\"se-sme\",\"potentialAction\":[{\"@type\":\"ReadAction\",\"target\":[\"https:\/\/kusek.no\/tilgjengelighetserklaering\/\"]}]},{\"@type\":\"BreadcrumbList\",\"@id\":\"https:\/\/kusek.no\/tilgjengelighetserklaering\/#breadcrumb\",\"itemListElement\":[{\"@type\":\"ListItem\",\"position\":1,\"name\":\"Home\",\"item\":\"https:\/\/kusek.no\/\"},{\"@type\":\"ListItem\",\"position\":2,\"name\":\"Tilgjengelighetserkl\u00e6ring\"}]},{\"@type\":\"WebSite\",\"@id\":\"https:\/\/kusek.no\/#website\",\"url\":\"https:\/\/kusek.no\/\",\"name\":\"KUSEK IKS\",\"description\":\"Et interkommunalt selskap\",\"publisher\":{\"@id\":\"https:\/\/kusek.no\/#organization\"},\"potentialAction\":[{\"@type\":\"SearchAction\",\"target\":{\"@type\":\"EntryPoint\",\"urlTemplate\":\"https:\/\/kusek.no\/?s={search_term_string}\"},\"query-input\":{\"@type\":\"PropertyValueSpecification\",\"valueRequired\":true,\"valueName\":\"search_term_string\"}}],\"inLanguage\":\"se-sme\"},{\"@type\":\"Organization\",\"@id\":\"https:\/\/kusek.no\/#organization\",\"name\":\"Kusek IKS\",\"url\":\"https:\/\/kusek.no\/\",\"logo\":{\"@type\":\"ImageObject\",\"inLanguage\":\"se-sme\",\"@id\":\"https:\/\/kusek.no\/#\/schema\/logo\/image\/\",\"url\":\"https:\/\/kusek.no\/wp-content\/uploads\/2019\/08\/logo.png\",\"contentUrl\":\"https:\/\/kusek.no\/wp-content\/uploads\/2019\/08\/logo.png\",\"width\":104,\"height\":100,\"caption\":\"Kusek IKS\"},\"image\":{\"@id\":\"https:\/\/kusek.no\/#\/schema\/logo\/image\/\"}}]}<\/script>\n<!-- \/ Yoast SEO plugin. -->","yoast_head_json":{"title":"Tilgjengelighetserkl\u00e6ring - KUSEK IKS","description":"Kontrollutvalgssekretariatet i Vest-Finnmark IKS - Oarje-Finnm\u00e1rkku D\u00e1rkkistanl\u00e1vdegotti \u010d\u00e1llingoddi SGO. KUSEK IKS utf\u00f8rer sekretariatstjeneste for kontrollutvalgene i sine 10 eierkommuner i Vest-Finnmark.","robots":{"index":"index","follow":"follow","max-snippet":"max-snippet:-1","max-image-preview":"max-image-preview:large","max-video-preview":"max-video-preview:-1"},"canonical":"https:\/\/kusek.no\/se_sme\/tilgjengelighetserklaering\/","og_locale":"en_US","og_type":"article","og_title":"Tilgjengelighetserkl\u00e6ring - KUSEK IKS","og_description":"Kontrollutvalgssekretariatet i Vest-Finnmark IKS - Oarje-Finnm\u00e1rkku D\u00e1rkkistanl\u00e1vdegotti \u010d\u00e1llingoddi SGO. KUSEK IKS utf\u00f8rer sekretariatstjeneste for kontrollutvalgene i sine 10 eierkommuner i Vest-Finnmark.","og_url":"https:\/\/kusek.no\/se_sme\/tilgjengelighetserklaering\/","og_site_name":"KUSEK IKS","article_modified_time":"2025-11-19T13:31:23+00:00","twitter_card":"summary_large_image","twitter_misc":{"Est. reading time":"1 minute"},"schema":{"@context":"https:\/\/schema.org","@graph":[{"@type":"WebPage","@id":"https:\/\/kusek.no\/tilgjengelighetserklaering\/","url":"https:\/\/kusek.no\/tilgjengelighetserklaering\/","name":"Tilgjengelighetserkl\u00e6ring - KUSEK IKS","isPartOf":{"@id":"https:\/\/kusek.no\/#website"},"datePublished":"2024-09-24T11:31:28+00:00","dateModified":"2025-11-19T13:31:23+00:00","description":"Kontrollutvalgssekretariatet i Vest-Finnmark IKS - Oarje-Finnm\u00e1rkku D\u00e1rkkistanl\u00e1vdegotti \u010d\u00e1llingoddi SGO. KUSEK IKS utf\u00f8rer sekretariatstjeneste for kontrollutvalgene i sine 10 eierkommuner i Vest-Finnmark.","breadcrumb":{"@id":"https:\/\/kusek.no\/tilgjengelighetserklaering\/#breadcrumb"},"inLanguage":"se-sme","potentialAction":[{"@type":"ReadAction","target":["https:\/\/kusek.no\/tilgjengelighetserklaering\/"]}]},{"@type":"BreadcrumbList","@id":"https:\/\/kusek.no\/tilgjengelighetserklaering\/#breadcrumb","itemListElement":[{"@type":"ListItem","position":1,"name":"Home","item":"https:\/\/kusek.no\/"},{"@type":"ListItem","position":2,"name":"Tilgjengelighetserkl\u00e6ring"}]},{"@type":"WebSite","@id":"https:\/\/kusek.no\/#website","url":"https:\/\/kusek.no\/","name":"KUSEK IKS","description":"Et interkommunalt selskap","publisher":{"@id":"https:\/\/kusek.no\/#organization"},"potentialAction":[{"@type":"SearchAction","target":{"@type":"EntryPoint","urlTemplate":"https:\/\/kusek.no\/?s={search_term_string}"},"query-input":{"@type":"PropertyValueSpecification","valueRequired":true,"valueName":"search_term_string"}}],"inLanguage":"se-sme"},{"@type":"Organization","@id":"https:\/\/kusek.no\/#organization","name":"Kusek IKS","url":"https:\/\/kusek.no\/","logo":{"@type":"ImageObject","inLanguage":"se-sme","@id":"https:\/\/kusek.no\/#\/schema\/logo\/image\/","url":"https:\/\/kusek.no\/wp-content\/uploads\/2019\/08\/logo.png","contentUrl":"https:\/\/kusek.no\/wp-content\/uploads\/2019\/08\/logo.png","width":104,"height":100,"caption":"Kusek IKS"},"image":{"@id":"https:\/\/kusek.no\/#\/schema\/logo\/image\/"}}]}},"_links":{"self":[{"href":"https:\/\/kusek.no\/se_sme\/wp-json\/wp\/v2\/pages\/3861","targetHints":{"allow":["GET"]}}],"collection":[{"href":"https:\/\/kusek.no\/se_sme\/wp-json\/wp\/v2\/pages"}],"about":[{"href":"https:\/\/kusek.no\/se_sme\/wp-json\/wp\/v2\/types\/page"}],"author":[{"embeddable":true,"href":"https:\/\/kusek.no\/se_sme\/wp-json\/wp\/v2\/users\/2"}],"replies":[{"embeddable":true,"href":"https:\/\/kusek.no\/se_sme\/wp-json\/wp\/v2\/comments?post=3861"}],"version-history":[{"count":0,"href":"https:\/\/kusek.no\/se_sme\/wp-json\/wp\/v2\/pages\/3861\/revisions"}],"wp:attachment":[{"href":"https:\/\/kusek.no\/se_sme\/wp-json\/wp\/v2\/media?parent=3861"}],"curies":[{"name":"wp","href":"https:\/\/api.w.org\/{rel}","templated":true}]}}