{"id":4444,"date":"2024-12-02T14:25:19","date_gmt":"2024-12-02T14:25:19","guid":{"rendered":"https:\/\/kusek.no\/?page_id=4444"},"modified":"2025-01-24T12:54:51","modified_gmt":"2025-01-24T12:54:51","slug":"om-kontrollutvalget","status":"publish","type":"page","link":"https:\/\/kusek.no\/se_sme\/om-kontrollutvalget\/","title":{"rendered":"OVDDASV\u00c1ST\u00c1DUS JA BARGGUT"},"content":{"rendered":"<div data-elementor-type=\"wp-page\" data-elementor-id=\"4444\" class=\"elementor elementor-4444\" data-elementor-post-type=\"page\">\n\t\t\t\t<div class=\"elementor-element elementor-element-dc41859 e-flex e-con-boxed e-con e-parent\" data-id=\"dc41859\" data-element_type=\"container\" data-e-type=\"container\">\n\t\t\t\t\t<div class=\"e-con-inner\">\n\t\t<div class=\"elementor-element elementor-element-762f344 e-con-full e-flex e-con e-child\" data-id=\"762f344\" data-element_type=\"container\" data-e-type=\"container\" data-settings=\"{&quot;background_background&quot;:&quot;classic&quot;}\">\n\t\t\t\t<div class=\"elementor-element elementor-element-7a513f9 elementor-widget elementor-widget-heading\" data-id=\"7a513f9\" data-element_type=\"widget\" data-e-type=\"widget\" data-widget_type=\"heading.default\">\n\t\t\t\t<div class=\"elementor-widget-container\">\n\t\t\t\t\t<h1 class=\"elementor-heading-title elementor-size-default\">D\u00e1rkkistanl\u00e1vdegotti ovddasv\u00e1st\u00e1dus ja barggut<\/h1>\t\t\t\t<\/div>\n\t\t\t\t<\/div>\n\t\t\t\t<\/div>\n\t\t<div class=\"elementor-element elementor-element-4ba5250 e-con-full e-flex e-con e-child\" data-id=\"4ba5250\" data-element_type=\"container\" data-e-type=\"container\" data-settings=\"{&quot;background_background&quot;:&quot;classic&quot;}\">\n\t\t\t\t<div class=\"elementor-element elementor-element-460b26f elementor-widget elementor-widget-text-editor\" data-id=\"460b26f\" data-element_type=\"widget\" data-e-type=\"widget\" data-widget_type=\"text-editor.default\">\n\t\t\t\t<div class=\"elementor-widget-container\">\n\t\t\t\t\t\t\t\t\t<p class=\"translation-block\">D\u00e1rkkistanl\u00e1vdegoddi lea l\u00e1hkageatneg\u00e1htton org\u00e1na mii fuolaha d\u00e1rkkistanbarggu suohkanstivrra ovddas. D\u00e1rkkistanl\u00e1vdegotti bargu lea d\u00e1rkkistit suohkana doaimma, bearr\u00e1igeah\u010d\u010dat ahte suohkana doaibma \u010da\u0111ahuvvo l\u00e1gaid, njuolggadusaid ja mearr\u00e1dusaid mielde, ja bearr\u00e1igeah\u010d\u010dat ahte revi\u0161uvdna dahkko gustova\u0161 njuolggadusaid ektui. D\u00e1rkkistanl\u00e1vdegoddi lea dan l\u00e1hk\u00e1i veahkkin sihkkarastime ovddasv\u00e1stideaddji ja beaktilis h\u00e1ldda\u0161eami, rabasvuo\u0111a ja \u00e1lbmoga luohtt\u00e1mu\u0161a suohkana doibmii.<\/p><p class=\"translation-block\">D\u00e1rkkistanl\u00e1vdegotti f\u00e1pmudus gusto d\u00e1rkkistit buot suohkana doaimmaid, sihke h\u00e1lddahusa, suohkanla\u0161 fitnodagaid ja fitnodagaid maid suohkan eaigg\u00e1du\u0161\u0161\u00e1.<\/p><p>D\u00e1rkkistanl\u00e1vdegottis lea \u010duovvov\u00e1\u0161 ovddasv\u00e1st\u00e1dus:<\/p>\t\t\t\t\t\t\t\t<\/div>\n\t\t\t\t<\/div>\n\t\t\t\t<div class=\"elementor-element elementor-element-6e97bcc elementor-widget elementor-widget-heading\" data-id=\"6e97bcc\" data-element_type=\"widget\" data-e-type=\"widget\" data-widget_type=\"heading.default\">\n\t\t\t\t<div class=\"elementor-widget-container\">\n\t\t\t\t\t<h3 class=\"elementor-heading-title elementor-size-default\">D\u00e1rkkistanl\u00e1vdegoddi galg\u00e1:<\/h3>\t\t\t\t<\/div>\n\t\t\t\t<\/div>\n\t\t\t\t<div class=\"elementor-element elementor-element-6033dfc elementor-widget elementor-widget-text-editor\" data-id=\"6033dfc\" data-element_type=\"widget\" data-e-type=\"widget\" data-widget_type=\"text-editor.default\">\n\t\t\t\t<div class=\"elementor-widget-container\">\n\t\t\t\t\t\t\t\t\t<ul><li>buktit cealk\u00e1mu\u0161a suohkana jahkerehketdollui ja jahkedie\u0111\u00e1hussii<\/li><li>buktit cealk\u00e1mu\u0161a suohkanla\u0161 fitnodagaid jahkerehketdoaluide\/ jahkedie\u0111\u00e1husaide (jus suohkanis leat suohkanla\u0161 fitnodagat)<\/li><li>h\u00e1hkat die\u0111uid suohkana rehketdoallorevi\u0161uvnna bargguid birra<\/li><li>r\u00e1hkadit pl\u00e1naid h\u00e1ldda\u0161anrevi\u0161uvnnaide ja eaigg\u00e1tvuo\u0111ad\u00e1rkkistemiide<\/li><li class=\"translation-block\">raporteret suohkanstivrii \u010da\u0111ahuvvon h\u00e1ldda\u0161anrevi\u0161uvnnaid ja eaigg\u00e1tvuo\u0111ad\u00e1rkkistemiid ja daid bohtosiid<\/li><li>evttohit bu\u0161eahta suohkana d\u00e1rkkistanbargui<\/li><li>evttohit suohkanstivrii revi\u0161uvdnaortnega  ja revisora v\u00e1lljema h\u00e1rr\u00e1i<\/li><li>evttohit suohkanstivrii \u010d\u00e1llingotti d\u00e1rkkistanl\u00e1vdegoddeortnega<\/li><\/ul>\t\t\t\t\t\t\t\t<\/div>\n\t\t\t\t<\/div>\n\t\t\t\t<div class=\"elementor-element elementor-element-df1cd97 elementor-widget elementor-widget-heading\" data-id=\"df1cd97\" data-element_type=\"widget\" data-e-type=\"widget\" data-widget_type=\"heading.default\">\n\t\t\t\t<div class=\"elementor-widget-container\">\n\t\t\t\t\t<h3 class=\"elementor-heading-title elementor-size-default\">Dasa lassin galg\u00e1 d\u00e1rkkistanl\u00e1vdegoddi bearr\u00e1igeah\u010d\u010dat ahte:<\/h3>\t\t\t\t<\/div>\n\t\t\t\t<\/div>\n\t\t\t\t<div class=\"elementor-element elementor-element-3472c65 elementor-widget elementor-widget-text-editor\" data-id=\"3472c65\" data-element_type=\"widget\" data-e-type=\"widget\" data-widget_type=\"text-editor.default\">\n\t\t\t\t<div class=\"elementor-widget-container\">\n\t\t\t\t\t\t\t\t\t<ul><li>suohkanis lea dohk\u00e1la\u0161 revi\u0161uvdnaortnet sihke rehketdoallorevi\u0161uvnna ja h\u00e1ldda\u0161anrevi\u0161uvnna ektui<\/li><li>revi\u0161uvdnamearkk\u00e1\u0161umit \u010duovvoluvvojit<\/li><li>suohkana ekonomala\u0161 h\u00e1ldda\u0161eapmi doaimmahuvvo gustova\u0161 njuolggadusaid ja mearr\u00e1dusaid ektui<\/li><li>\u010da\u0111ahuvvojit h\u00e1ldda\u0161anrevi\u0161uvnnat ja eaigg\u00e1tvuo\u0111ad\u00e1rkkisteamit<\/li><li>suohkanstivrra mearkka\u0161umit h\u00e1ldda\u0161anrevi\u0161uvnnaide \u010duovvoluvvojit<\/li><li>suohkanstivrra mearr\u00e1dusat rehketdoallorevi\u0161uvnna, h\u00e1ldda\u0161anrevi\u0161uvnna ja eaigg\u00e1tvuo\u0111ad\u00e1rkkisteami ektui \u010duovvoluvvojit<\/li><\/ul>\t\t\t\t\t\t\t\t<\/div>\n\t\t\t\t<\/div>\n\t\t\t\t<div class=\"elementor-element elementor-element-63d2e33 elementor-widget elementor-widget-text-editor\" data-id=\"63d2e33\" data-element_type=\"widget\" data-e-type=\"widget\" data-widget_type=\"text-editor.default\">\n\t\t\t\t<div class=\"elementor-widget-container\">\n\t\t\t\t\t\t\t\t\t<p>D\u00e1rkkistanl\u00e1vdegoddi raportere d\u00e1rkkistanbargguid ja -bohtosiid njuolga suohkanstivrii.<\/p>\t\t\t\t\t\t\t\t<\/div>\n\t\t\t\t<\/div>\n\t\t\t\t<div class=\"elementor-element elementor-element-0c147f8 elementor-widget elementor-widget-heading\" data-id=\"0c147f8\" data-element_type=\"widget\" data-e-type=\"widget\" data-widget_type=\"heading.default\">\n\t\t\t\t<div class=\"elementor-widget-container\">\n\t\t\t\t\t<h3 class=\"elementor-heading-title elementor-size-default\">D\u00e1rkkistanl\u00e1vdegoddi s\u00e1htt\u00e1:<\/h3>\t\t\t\t<\/div>\n\t\t\t\t<\/div>\n\t\t\t\t<div class=\"elementor-element elementor-element-db3b090 elementor-widget elementor-widget-text-editor\" data-id=\"db3b090\" data-element_type=\"widget\" data-e-type=\"widget\" data-widget_type=\"text-editor.default\">\n\t\t\t\t<div class=\"elementor-widget-container\">\n\t\t\t\t\t\t\t\t\t<ul><li>\u010da\u0111ahit guorahallamiid maid oaivvilda d\u00e1rbba\u0161la\u017e\u017ean<\/li><\/ul>\t\t\t\t\t\t\t\t<\/div>\n\t\t\t\t<\/div>\n\t\t\t\t<div class=\"elementor-element elementor-element-234c921 elementor-widget elementor-widget-heading\" data-id=\"234c921\" data-element_type=\"widget\" data-e-type=\"widget\" data-widget_type=\"heading.default\">\n\t\t\t\t<div class=\"elementor-widget-container\">\n\t\t\t\t\t<h3 class=\"elementor-heading-title elementor-size-default\">Maid d\u00e1rkkistanl\u00e1vdegoddi ii bargga:<\/h3>\t\t\t\t<\/div>\n\t\t\t\t<\/div>\n\t\t\t\t<div class=\"elementor-element elementor-element-9c6ba30 elementor-widget elementor-widget-text-editor\" data-id=\"9c6ba30\" data-element_type=\"widget\" data-e-type=\"widget\" data-widget_type=\"text-editor.default\">\n\t\t\t\t<div class=\"elementor-widget-container\">\n\t\t\t\t\t\t\t\t\t<ul><li>D\u00e1rkkistanl\u00e1vdegottis ii leat v\u00e1ldi rievdadit politihkala\u0161 vuoruhemiid maid suohkana \u00e1lbmotv\u00e1lljen org\u00e1nat leat mearridan dehe ear\u00e1 suohkanla\u0161 org\u00e1nat<\/li><li>D\u00e1rkkistanl\u00e1vdegoddi ii leat v\u00e1iddaorg\u00e1na, ja l\u00e1vdegoddi ii meannut ea\u014bkal\u00e1\u0161\u0161iid. Suohkanis lea sierra org\u00e1na mii meannuda v\u00e1idda\u00e1\u0161\u0161iid. D\u00e1rkkistanl\u00e1vdegodd\u00e1i s\u00e1htt\u00e1 a\u014bkke cavgilit ea\u014bkal\u00e1\u0161\u0161iid birra, vai d\u00e1rkkistanl\u00e1vdegoddi s\u00e1htt\u00e1 \u00e1rvvo\u0161tallat lea go d\u00e1rbu guorahallat doaibmasuorggi dehe b\u00e1lv\u00e1lussuorggi<\/li><\/ul>\t\t\t\t\t\t\t\t<\/div>\n\t\t\t\t<\/div>\n\t\t\t\t<\/div>\n\t\t\t\t\t<\/div>\n\t\t\t\t<\/div>\n\t\t<div class=\"elementor-element elementor-element-d2dc338 e-flex e-con-boxed e-con e-parent\" data-id=\"d2dc338\" data-element_type=\"container\" data-e-type=\"container\">\n\t\t\t\t\t<div class=\"e-con-inner\">\n\t\t<div class=\"elementor-element elementor-element-0eaadcf e-con-full e-flex e-con e-child\" data-id=\"0eaadcf\" data-element_type=\"container\" data-e-type=\"container\" data-settings=\"{&quot;background_background&quot;:&quot;classic&quot;}\">\n\t\t\t\t<div class=\"elementor-element elementor-element-dc2e22e elementor-widget elementor-widget-heading\" data-id=\"dc2e22e\" data-element_type=\"widget\" data-e-type=\"widget\" data-widget_type=\"heading.default\">\n\t\t\t\t<div class=\"elementor-widget-container\">\n\t\t\t\t\t<h2 class=\"elementor-heading-title elementor-size-default\">Lassi die\u0111ut d\u00e1rkkistanl\u00e1vddegotti ovddasv\u00e1st\u00e1dusa ja barggu birra:<\/h2>\t\t\t\t<\/div>\n\t\t\t\t<\/div>\n\t\t\t\t<\/div>\n\t\t<div class=\"elementor-element elementor-element-f96d1a5 e-con-full e-flex e-con e-child\" data-id=\"f96d1a5\" data-element_type=\"container\" data-e-type=\"container\" data-settings=\"{&quot;background_background&quot;:&quot;classic&quot;}\">\n\t\t\t\t<div class=\"elementor-element elementor-element-02d3b58 elementor-widget elementor-widget-text-editor\" data-id=\"02d3b58\" data-element_type=\"widget\" data-e-type=\"widget\" data-widget_type=\"text-editor.default\">\n\t\t\t\t<div class=\"elementor-widget-container\">\n\t\t\t\t\t\t\t\t\t<p>Oarje- Finnm\u00e1rkku suohkaniid d\u00e1rkkistanl\u00e1vdegottit leat miellahtut d\u00e1rkkistan ja bearr\u00e1igeah\u010d\u010dan forumas - Forum for kontroll og tilsyn <a href=\"https:\/\/www.fkt.no\/\">Li\u014bka FKT<\/a><\/p><p class=\"translation-block\">Gieldda- ja guovlludepartemeantta bagadus d\u00e1rkkistanl\u00e1vdegottiid ovddasv\u00e1st\u00e1dussii ja bargguide -  \u201cKontrollutvalsboka- om rolla og oppg\u00e5vene til kontrollutvalet , 3. Utg\u00e5ve\u201c \n<a href=\"https:\/\/www.regjeringen.no\/no\/dokumenter\/kontrollutvalsboka\/id2893214\/\" target=\"_self\">Li\u014bka kontrollutvalgsboka<\/a><\/p>\t\t\t\t\t\t\t\t<\/div>\n\t\t\t\t<\/div>\n\t\t\t\t<div class=\"elementor-element elementor-element-97e30ad elementor-widget elementor-widget-text-editor\" data-id=\"97e30ad\" data-element_type=\"widget\" data-e-type=\"widget\" data-widget_type=\"text-editor.default\">\n\t\t\t\t<div class=\"elementor-widget-container\">\n\t\t\t\t\t\t\t\t\t<p><a href=\"https:\/\/lovdata.no\/dokument\/NL\/lov\/2018-06-22-83\">Li\u014bka suohkanl\u00e1hkii kommuneloven<\/a><\/p>\t\t\t\t\t\t\t\t<\/div>\n\t\t\t\t<\/div>\n\t\t\t\t<div class=\"elementor-element elementor-element-d2e86fb elementor-widget elementor-widget-text-editor\" data-id=\"d2e86fb\" data-element_type=\"widget\" data-e-type=\"widget\" data-widget_type=\"text-editor.default\">\n\t\t\t\t<div class=\"elementor-widget-container\">\n\t\t\t\t\t\t\t\t\t<p><a href=\"https:\/\/lovdata.no\/\">Li\u014bka Lovdata<\/a><\/p>\t\t\t\t\t\t\t\t<\/div>\n\t\t\t\t<\/div>\n\t\t\t\t<div class=\"elementor-element elementor-element-c70c7ea elementor-widget elementor-widget-text-editor\" data-id=\"c70c7ea\" data-element_type=\"widget\" data-e-type=\"widget\" data-widget_type=\"text-editor.default\">\n\t\t\t\t<div class=\"elementor-widget-container\">\n\t\t\t\t\t\t\t\t\t<p><a href=\"https:\/\/lovdata.no\/dokument\/SF\/forskrift\/2019-06-17-904\">Li\u014bka revi\u0161uvdna ja d\u00e1rkkistanl\u00e1vdegotti l\u00e1hkalas\u00e1hussii forskrift om revisjon og kontrollutvalg<\/a><\/p>\t\t\t\t\t\t\t\t<\/div>\n\t\t\t\t<\/div>\n\t\t\t\t<\/div>\n\t\t\t\t\t<\/div>\n\t\t\t\t<\/div>\n\t\t\t\t<\/div>","protected":false},"excerpt":{"rendered":"<p>Kontrollutvalget Kontrollutvalget er et lovp\u00e5lagt organ som har ansvar for \u00e5 f\u00f8re l\u00f8pende kontroll p\u00e5 vegne avkommunestyret. Utvalgets oppgave er \u00e5 kontrollere kommunens virksomhet, og p\u00e5se at den drives ihenhold til lover, regler og vedtak, samt \u00e5 p\u00e5se at revisjonen utf\u00f8res i samsvar med gjeldenderegelverk. Kontrollutvalget bidrar dermed til \u00e5 sikre ansvarlig og effektiv forvaltning, [&hellip;]<\/p>\n","protected":false},"author":2,"featured_media":0,"parent":0,"menu_order":0,"comment_status":"closed","ping_status":"closed","template":"elementor_header_footer","meta":{"_mc_calendar":[],"footnotes":""},"class_list":["post-4444","page","type-page","status-publish","hentry"],"yoast_head":"<!-- This site is optimized with the Yoast SEO plugin v27.2 - https:\/\/yoast.com\/product\/yoast-seo-wordpress\/ -->\n<title>Ansvar og oppgaver - KUSEK IKS<\/title>\n<meta name=\"description\" content=\"Kontrollutvalgssekretariatet i Vest-Finnmark IKS - Oarje-Finnm\u00e1rkku D\u00e1rkkistanl\u00e1vdegotti \u010d\u00e1llingoddi SGO. KUSEK IKS utf\u00f8rer sekretariatstjeneste for kontrollutvalgene i sine 10 eierkommuner i Vest-Finnmark.\" \/>\n<meta name=\"robots\" content=\"index, follow, max-snippet:-1, max-image-preview:large, max-video-preview:-1\" \/>\n<link rel=\"canonical\" href=\"https:\/\/kusek.no\/se_sme\/om-kontrollutvalget\/\" \/>\n<meta property=\"og:locale\" content=\"en_US\" \/>\n<meta property=\"og:type\" content=\"article\" \/>\n<meta property=\"og:title\" content=\"Ansvar og oppgaver - KUSEK IKS\" \/>\n<meta property=\"og:description\" content=\"Kontrollutvalgssekretariatet i Vest-Finnmark IKS - Oarje-Finnm\u00e1rkku D\u00e1rkkistanl\u00e1vdegotti \u010d\u00e1llingoddi SGO. KUSEK IKS utf\u00f8rer sekretariatstjeneste for kontrollutvalgene i sine 10 eierkommuner i Vest-Finnmark.\" \/>\n<meta property=\"og:url\" content=\"https:\/\/kusek.no\/se_sme\/om-kontrollutvalget\/\" \/>\n<meta property=\"og:site_name\" content=\"KUSEK IKS\" \/>\n<meta property=\"article:modified_time\" content=\"2025-01-24T12:54:51+00:00\" \/>\n<meta name=\"twitter:card\" content=\"summary_large_image\" \/>\n<meta name=\"twitter:label1\" content=\"Est. reading time\" \/>\n\t<meta name=\"twitter:data1\" content=\"2 minutes\" \/>\n<script type=\"application\/ld+json\" class=\"yoast-schema-graph\">{\"@context\":\"https:\/\/schema.org\",\"@graph\":[{\"@type\":\"WebPage\",\"@id\":\"https:\/\/kusek.no\/om-kontrollutvalget\/\",\"url\":\"https:\/\/kusek.no\/om-kontrollutvalget\/\",\"name\":\"Ansvar og oppgaver - KUSEK IKS\",\"isPartOf\":{\"@id\":\"https:\/\/kusek.no\/#website\"},\"datePublished\":\"2024-12-02T14:25:19+00:00\",\"dateModified\":\"2025-01-24T12:54:51+00:00\",\"description\":\"Kontrollutvalgssekretariatet i Vest-Finnmark IKS - Oarje-Finnm\u00e1rkku D\u00e1rkkistanl\u00e1vdegotti \u010d\u00e1llingoddi SGO. KUSEK IKS utf\u00f8rer sekretariatstjeneste for kontrollutvalgene i sine 10 eierkommuner i Vest-Finnmark.\",\"breadcrumb\":{\"@id\":\"https:\/\/kusek.no\/om-kontrollutvalget\/#breadcrumb\"},\"inLanguage\":\"se-sme\",\"potentialAction\":[{\"@type\":\"ReadAction\",\"target\":[\"https:\/\/kusek.no\/om-kontrollutvalget\/\"]}]},{\"@type\":\"BreadcrumbList\",\"@id\":\"https:\/\/kusek.no\/om-kontrollutvalget\/#breadcrumb\",\"itemListElement\":[{\"@type\":\"ListItem\",\"position\":1,\"name\":\"Home\",\"item\":\"https:\/\/kusek.no\/\"},{\"@type\":\"ListItem\",\"position\":2,\"name\":\"Ansvar og oppgaver\"}]},{\"@type\":\"WebSite\",\"@id\":\"https:\/\/kusek.no\/#website\",\"url\":\"https:\/\/kusek.no\/\",\"name\":\"KUSEK IKS\",\"description\":\"Et interkommunalt selskap\",\"publisher\":{\"@id\":\"https:\/\/kusek.no\/#organization\"},\"potentialAction\":[{\"@type\":\"SearchAction\",\"target\":{\"@type\":\"EntryPoint\",\"urlTemplate\":\"https:\/\/kusek.no\/?s={search_term_string}\"},\"query-input\":{\"@type\":\"PropertyValueSpecification\",\"valueRequired\":true,\"valueName\":\"search_term_string\"}}],\"inLanguage\":\"se-sme\"},{\"@type\":\"Organization\",\"@id\":\"https:\/\/kusek.no\/#organization\",\"name\":\"Kusek IKS\",\"url\":\"https:\/\/kusek.no\/\",\"logo\":{\"@type\":\"ImageObject\",\"inLanguage\":\"se-sme\",\"@id\":\"https:\/\/kusek.no\/#\/schema\/logo\/image\/\",\"url\":\"https:\/\/kusek.no\/wp-content\/uploads\/2019\/08\/logo.png\",\"contentUrl\":\"https:\/\/kusek.no\/wp-content\/uploads\/2019\/08\/logo.png\",\"width\":104,\"height\":100,\"caption\":\"Kusek IKS\"},\"image\":{\"@id\":\"https:\/\/kusek.no\/#\/schema\/logo\/image\/\"}}]}<\/script>\n<!-- \/ Yoast SEO plugin. -->","yoast_head_json":{"title":"Ansvar og oppgaver - KUSEK IKS","description":"Kontrollutvalgssekretariatet i Vest-Finnmark IKS - Oarje-Finnm\u00e1rkku D\u00e1rkkistanl\u00e1vdegotti \u010d\u00e1llingoddi SGO. KUSEK IKS utf\u00f8rer sekretariatstjeneste for kontrollutvalgene i sine 10 eierkommuner i Vest-Finnmark.","robots":{"index":"index","follow":"follow","max-snippet":"max-snippet:-1","max-image-preview":"max-image-preview:large","max-video-preview":"max-video-preview:-1"},"canonical":"https:\/\/kusek.no\/se_sme\/om-kontrollutvalget\/","og_locale":"en_US","og_type":"article","og_title":"Ansvar og oppgaver - KUSEK IKS","og_description":"Kontrollutvalgssekretariatet i Vest-Finnmark IKS - Oarje-Finnm\u00e1rkku D\u00e1rkkistanl\u00e1vdegotti \u010d\u00e1llingoddi SGO. KUSEK IKS utf\u00f8rer sekretariatstjeneste for kontrollutvalgene i sine 10 eierkommuner i Vest-Finnmark.","og_url":"https:\/\/kusek.no\/se_sme\/om-kontrollutvalget\/","og_site_name":"KUSEK IKS","article_modified_time":"2025-01-24T12:54:51+00:00","twitter_card":"summary_large_image","twitter_misc":{"Est. reading time":"2 minutes"},"schema":{"@context":"https:\/\/schema.org","@graph":[{"@type":"WebPage","@id":"https:\/\/kusek.no\/om-kontrollutvalget\/","url":"https:\/\/kusek.no\/om-kontrollutvalget\/","name":"Ansvar og oppgaver - KUSEK IKS","isPartOf":{"@id":"https:\/\/kusek.no\/#website"},"datePublished":"2024-12-02T14:25:19+00:00","dateModified":"2025-01-24T12:54:51+00:00","description":"Kontrollutvalgssekretariatet i Vest-Finnmark IKS - Oarje-Finnm\u00e1rkku D\u00e1rkkistanl\u00e1vdegotti \u010d\u00e1llingoddi SGO. KUSEK IKS utf\u00f8rer sekretariatstjeneste for kontrollutvalgene i sine 10 eierkommuner i Vest-Finnmark.","breadcrumb":{"@id":"https:\/\/kusek.no\/om-kontrollutvalget\/#breadcrumb"},"inLanguage":"se-sme","potentialAction":[{"@type":"ReadAction","target":["https:\/\/kusek.no\/om-kontrollutvalget\/"]}]},{"@type":"BreadcrumbList","@id":"https:\/\/kusek.no\/om-kontrollutvalget\/#breadcrumb","itemListElement":[{"@type":"ListItem","position":1,"name":"Home","item":"https:\/\/kusek.no\/"},{"@type":"ListItem","position":2,"name":"Ansvar og oppgaver"}]},{"@type":"WebSite","@id":"https:\/\/kusek.no\/#website","url":"https:\/\/kusek.no\/","name":"KUSEK IKS","description":"Et interkommunalt selskap","publisher":{"@id":"https:\/\/kusek.no\/#organization"},"potentialAction":[{"@type":"SearchAction","target":{"@type":"EntryPoint","urlTemplate":"https:\/\/kusek.no\/?s={search_term_string}"},"query-input":{"@type":"PropertyValueSpecification","valueRequired":true,"valueName":"search_term_string"}}],"inLanguage":"se-sme"},{"@type":"Organization","@id":"https:\/\/kusek.no\/#organization","name":"Kusek IKS","url":"https:\/\/kusek.no\/","logo":{"@type":"ImageObject","inLanguage":"se-sme","@id":"https:\/\/kusek.no\/#\/schema\/logo\/image\/","url":"https:\/\/kusek.no\/wp-content\/uploads\/2019\/08\/logo.png","contentUrl":"https:\/\/kusek.no\/wp-content\/uploads\/2019\/08\/logo.png","width":104,"height":100,"caption":"Kusek IKS"},"image":{"@id":"https:\/\/kusek.no\/#\/schema\/logo\/image\/"}}]}},"_links":{"self":[{"href":"https:\/\/kusek.no\/se_sme\/wp-json\/wp\/v2\/pages\/4444","targetHints":{"allow":["GET"]}}],"collection":[{"href":"https:\/\/kusek.no\/se_sme\/wp-json\/wp\/v2\/pages"}],"about":[{"href":"https:\/\/kusek.no\/se_sme\/wp-json\/wp\/v2\/types\/page"}],"author":[{"embeddable":true,"href":"https:\/\/kusek.no\/se_sme\/wp-json\/wp\/v2\/users\/2"}],"replies":[{"embeddable":true,"href":"https:\/\/kusek.no\/se_sme\/wp-json\/wp\/v2\/comments?post=4444"}],"version-history":[{"count":0,"href":"https:\/\/kusek.no\/se_sme\/wp-json\/wp\/v2\/pages\/4444\/revisions"}],"wp:attachment":[{"href":"https:\/\/kusek.no\/se_sme\/wp-json\/wp\/v2\/media?parent=4444"}],"curies":[{"name":"wp","href":"https:\/\/api.w.org\/{rel}","templated":true}]}}